{"id":61,"date":"2014-07-06T18:19:42","date_gmt":"2014-07-06T18:19:42","guid":{"rendered":"http:\/\/ipaeuskadi.org\/wordpress\/?page_id=61"},"modified":"2025-03-03T19:09:31","modified_gmt":"2025-03-03T19:09:31","slug":"2014-3","status":"publish","type":"page","link":"https:\/\/ipaeuskadi.org\/wordpress\/2014-3\/","title":{"rendered":"Boletines de noticias (News)"},"content":{"rendered":"<p>Boletines de noticias \u00abNews\u00bb remitidos por la Secci\u00f3n Internacional de IPA durante el a\u00f1o 2025 y 2024<\/p>\n<table style=\"height: 109px;\" width=\"80\">\n<tbody>\n<tr>\n<td><a href=\"https:\/\/cloud.3dissue.com\/155417\/155668\/181984\/IPANewsletterMarch2025\/index.html?r=13\"><img loading=\"lazy\" decoding=\"async\" class=\"wp-image-1401 aligncenter\" src=\"https:\/\/ipaeuskadi.org\/wordpress\/wp-content\/uploads\/2025\/03\/Caratula-March-2025.jpg\" alt=\"\" width=\"255\" height=\"198\" \/><\/a><\/td>\n<tr>\n<td>\n<h3 style=\"text-align: center;\">IPA Newsletter Marzo 2025<\/h3>\n<\/td>\n<td>\n<h3 style=\"text-align: center;\">     <\/h3>\n<\/td>\n<\/tr>\n<tr>\n<td><a href=\"https:\/\/flipbooks.ipa-international.org\/155417\/155668\/181984\/IPANewsletterJanuary2025\/index.html?r=66\"><img loading=\"lazy\" decoding=\"async\" class=\"wp-image-1401 aligncenter\" src=\"https:\/\/ipaeuskadi.org\/wordpress\/wp-content\/uploads\/2025\/03\/Caratula_January-2025.jpg\" alt=\"\" width=\"255\" height=\"198\" \/><\/a><\/td>\n<td><a href=\"https:\/\/flipbooks.ipa-international.org\/155417\/155668\/181984\/IPANewsletterFebruary2025\/index.html?r=28\"><img loading=\"lazy\" decoding=\"async\" class=\"wp-image-1401 aligncenter\" src=\"https:\/\/ipaeuskadi.org\/wordpress\/wp-content\/uploads\/2025\/03\/Caratula-February-2025.jpg\" alt=\"\" width=\"255\" height=\"198\" \/><\/a><\/td>\n<\/tr>\n<tr>\n<td>\n<h3 style=\"text-align: center;\">IPA Newsletter Enero 2025<\/h3>\n<\/td>\n<td>\n<h3 style=\"text-align: center;\">IPA Newsletter Febrero 2025<\/h3>\n<\/td>\n<\/tr>\n<tr>\n<td><a href=\"https:\/\/flipbooks.ipa-international.org\/155417\/155668\/181984\/IPANewsletterNovember2024\/index.html?r=0\"><img loading=\"lazy\" decoding=\"async\" class=\"wp-image-1401 aligncenter\" src=\"https:\/\/ipaeuskadi.org\/wordpress\/wp-content\/uploads\/2025\/03\/Caratula_November-2024.jpg\" alt=\"\" width=\"255\" height=\"198\" \/><\/a><\/td>\n<td><a href=\"https:\/\/flipbooks.ipa-international.org\/155417\/155668\/181984\/IPANewsletterDecember2024\/index.html?r=504\/index.html?r=49\"><img loading=\"lazy\" decoding=\"async\" class=\"wp-image-1401 aligncenter\" src=\"https:\/\/ipaeuskadi.org\/wordpress\/wp-content\/uploads\/2025\/03\/Caratula_December-2024.jpg\" alt=\"\" width=\"255\" height=\"198\" \/><\/a><\/td>\n<\/tr>\n<tr>\n<td>\n<h3 style=\"text-align: center;\">IPA Newsletter Noviembre 2024<\/h3>\n<\/td>\n<td>\n<h3 style=\"text-align: center;\">IPA Newsletter Diciembre 2024<\/h3>\n<\/td>\n<\/tr>\n<tr>\n<td><a href=\"https:\/\/flipbooks.ipa-international.org\/155417\/155668\/181984\/IPANewsletterSeptember2024\/index.html?r=35\"><img loading=\"lazy\" decoding=\"async\" class=\"wp-image-1401 aligncenter\" src=\"https:\/\/ipaeuskadi.org\/wordpress\/wp-content\/uploads\/2025\/03\/Caratula_September-2024.jpg\" alt=\"\" width=\"255\" height=\"198\" \/><\/a><\/td>\n<td><a href=\"https:\/\/flipbooks.ipa-international.org\/155417\/155668\/181984\/IPANewsletterOctober2024\/index.html?r=49\"><img loading=\"lazy\" decoding=\"async\" class=\"wp-image-1401 aligncenter\" src=\"https:\/\/ipaeuskadi.org\/wordpress\/wp-content\/uploads\/2024\/10\/Caratula_October-2024.jpg\" alt=\"\" width=\"255\" height=\"198\" \/><\/a><\/td>\n<\/tr>\n<tr>\n<td>\n<h3 style=\"text-align: center;\">IPA Newsletter Septiembre 2024<\/h3>\n<\/td>\n<td>\n<h3 style=\"text-align: center;\">IPA Newsletter Octubre 2024<\/h3>\n<\/td>\n<\/tr>\n<tr>\n<td><a href=\"https:\/\/flipbooks.ipa-international.org\/155417\/155668\/181984\/IPANewsletterJune2024\/index.html?r=77\"><img loading=\"lazy\" decoding=\"async\" class=\"wp-image-1401 aligncenter\" src=\"https:\/\/ipaeuskadi.org\/wordpress\/wp-content\/uploads\/2024\/06\/Caratula_junio-2024.jpg\" alt=\"\" width=\"255\" height=\"198\" \/><\/a><\/td>\n<td><a href=\"https:\/\/flipbooks.ipa-international.org\/155417\/155668\/181984\/IPANewsletterJulyAugust2024\/index.html?r=8\"><img loading=\"lazy\" decoding=\"async\" class=\"wp-image-1401 aligncenter\" src=\" https:\/\/ipaeuskadi.org\/wordpress\/wp-content\/uploads\/2024\/08\/Caratula_julio-agosto-2024.jpg\" alt=\"\" width=\"255\" height=\"198\" \/><\/a><\/td>\n<\/tr>\n<tr>\n<td>\n<h3 style=\"text-align: center;\">IPA Newsletter junio 2024<\/h3>\n<\/td>\n<td>\n<h3 style=\"text-align: center;\">IPA Newsletter julio-Agosto 2024<\/h3>\n<\/td>\n<\/tr>\n<tr>\n<td><a href=\"https:\/\/flipbooks.ipa-international.org\/155417\/155668\/181984\/IPANewsletterApril2024\/index.html?r=59 \"><img loading=\"lazy\" decoding=\"async\" class=\"wp-image-1401 aligncenter\" src=\"https:\/\/ipaeuskadi.org\/wordpress\/wp-content\/uploads\/2024\/05\/Caratula_April-2024.jpg\" alt=\"\" width=\"255\" height=\"198\" \/><\/a><\/td>\n<td><a href=\"https:\/\/flipbooks.ipa-international.org\/155417\/155668\/181984\/IPANewsletterMay2024\/index.html?r=65\"><img loading=\"lazy\" decoding=\"async\" class=\"wp-image-1401 aligncenter\" src=\"https:\/\/ipaeuskadi.org\/wordpress\/wp-content\/uploads\/2024\/05\/Caratula_May-2024.jpg\" alt=\"\" width=\"255\" height=\"198\" \/><\/a><\/a><\/td>\n<\/tr>\n<tr>\n<td>\n<h3 style=\"text-align: center;\">IPA Newsletter Abril 2024<\/h3>\n<\/td>\n<td>\n<h3 style=\"text-align: center;\">IPA Newsletter Mayo 2024 <\/h3>\n<\/td>\n<td>\n<\/tr>\n<tr>\n<td><a href=\"https:\/\/cloud.3dissue.com\/155417\/155668\/181984\/IPANewsletterJanuary2024\/index.html?r=12 \"><img loading=\"lazy\" decoding=\"async\" class=\"wp-image-1401 aligncenter\" src=\"https:\/\/ipaeuskadi.org\/wordpress\/wp-content\/uploads\/2024\/01\/Caratula_January-2024.jpg\" alt=\"\" width=\"255\" height=\"198\" \/><\/a><\/td>\n<td><a href=\"https:\/\/flipbooks.ipa-international.org\/155417\/155668\/181984\/IPANewsletterMarch2024\/index.html?r=95 \"><img loading=\"lazy\" decoding=\"async\" class=\"wp-image-1401 aligncenter\" src=\"https:\/\/ipaeuskadi.org\/wordpress\/wp-content\/uploads\/2024\/03\/Caratula_IPA-Newsletter-March-2024-1.jpg\" alt=\"\" width=\"255\" height=\"198\" \/><\/a><\/a><\/td>\n<\/tr>\n<tr>\n<td>\n<h3 style=\"text-align: center;\">IPA Newsletter Enero 2024<\/h3>\n<\/td>\n<td>\n<h3 style=\"text-align: center;\">IPA Newsletter Marzo 2024    <\/h3>\n<\/td>\n<td>\n<\/tr>\n<\/tbody>\n<\/table>\n<p>Nota: Estos boletines al ser remitidos por la Secretar\u00eda Internacional est\u00e1n en ingl\u00e9s.<\/p>\n<p><a href=\"https:\/\/ipaeuskadi.org\/wordpress\/news-historico-2023\/\"><strong>Consultar hist\u00f3rico 2023<\/strong><\/a><\/p>\n<p><a href=\"https:\/\/ipaeuskadi.org\/wordpress\/news-historico-2022\/\"><strong>Consultar hist\u00f3rico 2022<\/strong><\/a><\/p>\n<p><a href=\"https:\/\/cloud.3dissue.com\/155417\/155668\/181984\/IPA-NEWSLETTER-2021-DEC-70TH-ANNIVERSARY-EDITION\/index.html?r=28\"><strong>Consultar hist\u00f3rico 2021<\/strong><\/a><\/p>\n<p><a href=\"https:\/\/cloud.3dissue.com\/155417\/155668\/181984\/IPA-NEWSLETTER-2020-DEC-70TH-ANNIVERSARY-EDITION\/index.html?r=28\"><strong>Consultar hist\u00f3rico 2020<\/strong><\/a><\/p>\n<p><a href=\"https:\/\/cloud.3dissue.com\/155417\/155668\/181984\/IPA-NEWSLETTER-2019-COMPILATION\/index.html?r=84\"><strong>Consultar hist\u00f3rico 2019<\/strong><\/a><\/p>\n<p><a href=\"https:\/\/cloud.3dissue.com\/155417\/155668\/181984\/IPA-NEWSLETTER-2018-COMPILATION\/index.html?r=91 \"><strong>Consultar hist\u00f3rico 2018<\/strong><\/a><\/p>\n<p><!-- Esto es un ejemplo de comentario y no saldr\u00e1 en la p\u00e1gina --><br \/>\n<!-- Con el\n\n\n<pre> genera un scroll\r\n\r\n\r\n\r\n\r\n\r\n\r\n\r\n\r\n\r\n\r\n\r\n\r\n\r\n\r\n\r\n<pre>Nota: los archivos no se presentan en pantalla, los descarga para su posterior visualizaci\u00f3n<\/pre>\n\n\n--><\/p>\n","protected":false},"excerpt":{"rendered":"<p>Boletines de noticias \u00abNews\u00bb remitidos por la Secci\u00f3n Internacional de IPA durante el a\u00f1o 2025 y 2024 IPA Newsletter Marzo 2025 IPA Newsletter Enero 2025 IPA Newsletter Febrero 2025 IPA [&hellip;]<\/p>\n","protected":false},"author":1,"featured_media":0,"parent":0,"menu_order":0,"comment_status":"closed","ping_status":"closed","template":"","meta":{"footnotes":""},"class_list":["post-61","page","type-page","status-publish","hentry"],"_links":{"self":[{"href":"https:\/\/ipaeuskadi.org\/wordpress\/wp-json\/wp\/v2\/pages\/61","targetHints":{"allow":["GET"]}}],"collection":[{"href":"https:\/\/ipaeuskadi.org\/wordpress\/wp-json\/wp\/v2\/pages"}],"about":[{"href":"https:\/\/ipaeuskadi.org\/wordpress\/wp-json\/wp\/v2\/types\/page"}],"author":[{"embeddable":true,"href":"https:\/\/ipaeuskadi.org\/wordpress\/wp-json\/wp\/v2\/users\/1"}],"replies":[{"embeddable":true,"href":"https:\/\/ipaeuskadi.org\/wordpress\/wp-json\/wp\/v2\/comments?post=61"}],"version-history":[{"count":108,"href":"https:\/\/ipaeuskadi.org\/wordpress\/wp-json\/wp\/v2\/pages\/61\/revisions"}],"predecessor-version":[{"id":5650,"href":"https:\/\/ipaeuskadi.org\/wordpress\/wp-json\/wp\/v2\/pages\/61\/revisions\/5650"}],"wp:attachment":[{"href":"https:\/\/ipaeuskadi.org\/wordpress\/wp-json\/wp\/v2\/media?parent=61"}],"curies":[{"name":"wp","href":"https:\/\/api.w.org\/{rel}","templated":true}]}}