{"id":57,"date":"2014-07-06T18:12:43","date_gmt":"2014-07-06T18:12:43","guid":{"rendered":"http:\/\/ipaeuskadi.org\/wordpress\/?page_id=57"},"modified":"2023-12-28T22:57:22","modified_gmt":"2023-12-28T22:57:22","slug":"boletines-news","status":"publish","type":"page","link":"https:\/\/ipaeuskadi.org\/wordpress\/boletines-news\/","title":{"rendered":"Revista IPA &#8211;  News (bolet\u00edn internacional)"},"content":{"rendered":"<h2 style=\"text-align: right;\"><strong> Revista IPA<\/strong><\/h2>\n<p style=\"padding-left: 30px;\"><a href=\"https:\/\/ipaeuskadi.org\/wordpress\/revista-ipa\/\"><img loading=\"lazy\" decoding=\"async\" class=\"alignleft wp-image-94\" src=\"https:\/\/ipaeuskadi.org\/wordpress\/wp-content\/uploads\/2023\/12\/revistas.jpg\" alt=\"Revista IPA\" width=\"218\" height=\"192\" \/><\/a><\/p>\n<p style=\"padding-left: 30px; text-align: justify;\">La Secci\u00f3n Nacional de IPA ha iniciado en el 2022 la edici\u00f3n de una revista en formato digital en la que se hace una recopilaci\u00f3n trimestral de los eventos, actividades que se realizan en la diferentes Comunidades o Agrupaciones.<br \/>\nTambi\u00e9n se incluyen noticias internacionales y art\u00edculos enviados para su publicaci\u00f3n por los socios.<\/p>\n<p>&nbsp;<\/p>\n<h2 style=\"text-align: right;\"><strong> News (bolet\u00edn internacional)<\/strong><\/h2>\n<p style=\"padding-left: 30px;\"><a href=\"https:\/\/ipaeuskadi.org\/wordpress\/?page_id=61 E\"><img loading=\"lazy\" decoding=\"async\" class=\"alignleft wp-image-94\" src=\"https:\/\/ipaeuskadi.org\/wordpress\/wp-content\/uploads\/2014\/07\/IAC_newsletter-300x265.jpg\" alt=\"IAC_newsletter\" width=\"218\" height=\"192\" srcset=\"https:\/\/ipaeuskadi.org\/wordpress\/wp-content\/uploads\/2014\/07\/IAC_newsletter-300x265.jpg 300w, https:\/\/ipaeuskadi.org\/wordpress\/wp-content\/uploads\/2014\/07\/IAC_newsletter.jpg 425w\" sizes=\"auto, (max-width: 218px) 100vw, 218px\" \/><\/a><\/p>\n<p style=\"padding-left: 30px; text-align: justify;\">El Centro Administrativo Internacional, situado en Nottingham (Inglaterra), recopila y remite, de forma peri\u00f3dica, a aquellos miembros de la asociaci\u00f3n, que previamente lo han solicitado, toda aquella informaci\u00f3n relativa a actividades, eventos, seminarios, intercambios, etc, programados por las secciones nacionales o regiones a nivel mundial.<\/p>\n","protected":false},"excerpt":{"rendered":"<p>Revista IPA La Secci\u00f3n Nacional de IPA ha iniciado en el 2022 la edici\u00f3n de una revista en formato digital en la que se hace una recopilaci\u00f3n trimestral de los [&hellip;]<\/p>\n","protected":false},"author":1,"featured_media":0,"parent":0,"menu_order":0,"comment_status":"closed","ping_status":"closed","template":"","meta":{"footnotes":""},"class_list":["post-57","page","type-page","status-publish","hentry"],"_links":{"self":[{"href":"https:\/\/ipaeuskadi.org\/wordpress\/wp-json\/wp\/v2\/pages\/57","targetHints":{"allow":["GET"]}}],"collection":[{"href":"https:\/\/ipaeuskadi.org\/wordpress\/wp-json\/wp\/v2\/pages"}],"about":[{"href":"https:\/\/ipaeuskadi.org\/wordpress\/wp-json\/wp\/v2\/types\/page"}],"author":[{"embeddable":true,"href":"https:\/\/ipaeuskadi.org\/wordpress\/wp-json\/wp\/v2\/users\/1"}],"replies":[{"embeddable":true,"href":"https:\/\/ipaeuskadi.org\/wordpress\/wp-json\/wp\/v2\/comments?post=57"}],"version-history":[{"count":25,"href":"https:\/\/ipaeuskadi.org\/wordpress\/wp-json\/wp\/v2\/pages\/57\/revisions"}],"predecessor-version":[{"id":5308,"href":"https:\/\/ipaeuskadi.org\/wordpress\/wp-json\/wp\/v2\/pages\/57\/revisions\/5308"}],"wp:attachment":[{"href":"https:\/\/ipaeuskadi.org\/wordpress\/wp-json\/wp\/v2\/media?parent=57"}],"curies":[{"name":"wp","href":"https:\/\/api.w.org\/{rel}","templated":true}]}}