{"id":4663,"date":"2022-12-25T09:38:45","date_gmt":"2022-12-25T09:38:45","guid":{"rendered":"http:\/\/ipaeuskadi.org\/wordpress\/?page_id=4663"},"modified":"2025-02-25T17:40:32","modified_gmt":"2025-02-25T17:40:32","slug":"ipa-solicitud-de-baja","status":"publish","type":"page","link":"https:\/\/ipaeuskadi.org\/wordpress\/ipa-solicitud-de-baja\/","title":{"rendered":"IPA solicitud de baja"},"content":{"rendered":"<p style=\"text-align: justify;\">Este formulario, que podemos cumplimentar informaticamente, lo utilizaremos para comunicar nuestro deseo de causar baja de la Asociaci\u00f3n.<\/p>\n<p>PARA ABRIR ESTE FORMULARIO UTILIZA FIREFOX\/MOZILA<\/p>\n<div style=\"text-align: justify;\">Solicitud de Baja: <a href=\"https:\/\/ipaeuskadi.org\/wordpress\/wp-content\/uploads\/2023\/02\/2023_IPA-Euskadi_solicitud-de-baja-de-la-asociacion.pdf\"> <img loading=\"lazy\" decoding=\"async\" class=\"alignnone wp-image-881\" src=\"https:\/\/ipaeuskadi.org\/wordpress\/wp-content\/uploads\/2023\/02\/20230130_Logo-IPA_web.jpg\" alt=\"cabecera1\" width=\"47\" height=\"47\" \/><\/a><\/div>\n<p>&nbsp;<\/p>\n<p>** Tal y como establecen nuestros Estatutos, y as\u00ed se hace contar en nuestro carn\u00e9 de socio, debemos enviar nuestra acreditaci\u00f3n de socio (cartera IPA y carn\u00e9 del a\u00f1o en curso)<\/p>\n<div id=\"texto3\">Es posible remitirlo por correo ordinario a:<\/div>\n<div align=\"center\">IPA EUSKADI<\/div>\n<div align=\"center\">Apartado de correos, 199<\/div>\n<div align=\"center\">48960 Galdakao<\/div>\n<div align=\"center\">Bizkaia<\/div>\n<div align=\"center\"><\/div>\n<div align=\"center\"><\/div>\n<div style=\"text-align: justify;\" align=\"center\"><\/div>\n<div style=\"text-align: justify;\" align=\"center\"><\/div>\n","protected":false},"excerpt":{"rendered":"<p>Este formulario, que podemos cumplimentar informaticamente, lo utilizaremos para comunicar nuestro deseo de causar baja de la Asociaci\u00f3n. PARA ABRIR ESTE FORMULARIO UTILIZA FIREFOX\/MOZILA Solicitud de Baja: &nbsp; ** Tal [&hellip;]<\/p>\n","protected":false},"author":1,"featured_media":0,"parent":0,"menu_order":0,"comment_status":"closed","ping_status":"closed","template":"","meta":{"footnotes":""},"class_list":["post-4663","page","type-page","status-publish","hentry"],"_links":{"self":[{"href":"https:\/\/ipaeuskadi.org\/wordpress\/wp-json\/wp\/v2\/pages\/4663","targetHints":{"allow":["GET"]}}],"collection":[{"href":"https:\/\/ipaeuskadi.org\/wordpress\/wp-json\/wp\/v2\/pages"}],"about":[{"href":"https:\/\/ipaeuskadi.org\/wordpress\/wp-json\/wp\/v2\/types\/page"}],"author":[{"embeddable":true,"href":"https:\/\/ipaeuskadi.org\/wordpress\/wp-json\/wp\/v2\/users\/1"}],"replies":[{"embeddable":true,"href":"https:\/\/ipaeuskadi.org\/wordpress\/wp-json\/wp\/v2\/comments?post=4663"}],"version-history":[{"count":7,"href":"https:\/\/ipaeuskadi.org\/wordpress\/wp-json\/wp\/v2\/pages\/4663\/revisions"}],"predecessor-version":[{"id":5625,"href":"https:\/\/ipaeuskadi.org\/wordpress\/wp-json\/wp\/v2\/pages\/4663\/revisions\/5625"}],"wp:attachment":[{"href":"https:\/\/ipaeuskadi.org\/wordpress\/wp-json\/wp\/v2\/media?parent=4663"}],"curies":[{"name":"wp","href":"https:\/\/api.w.org\/{rel}","templated":true}]}}