{"id":44,"date":"2014-07-09T17:16:30","date_gmt":"2014-07-09T17:16:30","guid":{"rendered":"http:\/\/ipaeuskadi.org\/wordpress\/?page_id=44"},"modified":"2022-11-03T09:06:16","modified_gmt":"2022-11-03T09:06:16","slug":"ipa-en-el-mundo","status":"publish","type":"page","link":"https:\/\/ipaeuskadi.org\/wordpress\/ipa-en-el-mundo\/","title":{"rendered":"\u00bfQu\u00e9 es la International Police Association?"},"content":{"rendered":"<p style=\"text-align: justify;\"><img loading=\"lazy\" decoding=\"async\" class=\"alignleft wp-image-821 \" src=\"https:\/\/ipaeuskadi.org\/wordpress\/wp-content\/uploads\/2014\/05\/arthurtroop_image1-150x150.jpg\" alt=\"arthurtroop_image\" width=\"150\" height=\"150\" srcset=\"https:\/\/ipaeuskadi.org\/wordpress\/wp-content\/uploads\/2014\/05\/arthurtroop_image1-150x150.jpg 150w, https:\/\/ipaeuskadi.org\/wordpress\/wp-content\/uploads\/2014\/05\/arthurtroop_image1-200x200.jpg 200w, https:\/\/ipaeuskadi.org\/wordpress\/wp-content\/uploads\/2014\/05\/arthurtroop_image1-100x100.jpg 100w\" sizes=\"auto, (max-width: 150px) 100vw, 150px\" \/>La International Police Association es una asociaci\u00f3n independiente, integrada por miembros de polic\u00eda de diferentes pa\u00edses del mundo, en servicio activo o retirado,\u00a0 sin distinci\u00f3n\u00a0 de\u00a0 graduaci\u00f3n,\u00a0 ideolog\u00eda, sexo, raza,\u00a0 lengua o\u00a0 religi\u00f3n. Excepcionalmente\u00a0 los Estatutos\u00a0 contemplan\u00a0 la\u00a0 existencia de socios de honor y socios colaboradores.<\/p>\n<p style=\"text-align: justify;\">IPA es\u00a0 la\u00a0 organizaci\u00f3n\u00a0 policial m\u00e1s grande del mundo. Fue fundada el 1 de enero de 1.950 por un sargento de polic\u00eda de Lincolnshire (Gran Breta\u00f1a) llamado Arthur Toop.<\/p>\n<p style=\"text-align: justify;\">Sus fines son fomentar los lazos de la amistad y culturales sus miembros y promover la cooperaci\u00f3n internacional en el \u00e1mbito profesional, cultural y social.<\/p>\n<p style=\"text-align: justify;\">Est\u00e1 inspirada en los principios fijados en la Declaraci\u00f3n Universal de los Derechos Humanos seg\u00fan el texto aprobado por Naciones Unidas en 1948.<\/p>\n<p style=\"text-align: justify;\">EL ESTATUS DE IPA<\/p>\n<p style=\"text-align: justify;\">IPA est\u00e1 considerada como una Organizaci\u00f3n no Gubernamental (ONG) con Car\u00e1cter Consultivo (Especial) en el Consejo Econ\u00f3mico y Social (ECOSOC) de Naciones Unidas (ONU) y con Car\u00e1cter Consultivo en la Organizaci\u00f3n de Estados Americanos (OEA) y la UNESCO.<\/p>\n<p style=\"text-align: justify;\">Actualmente IPA est\u00e1 en 68 pa\u00edses, est\u00e1 considerada\u00a0 la mayor Asociaci\u00f3n de Polic\u00edas en el mundo y cuenta, actualmente, con unos 372.000 miembros.<\/p>\n<p>ACREDITACI\u00d3N<\/p>\n<p style=\"text-align: justify;\">IPA identifca\u00a0 a sus socios\u00a0 con un Carnet\u00a0 (modelo\u00a0 \u00fanico\u00a0 para\u00a0 todos los socios del mundo), v\u00e1lido y reconocido en todos los pa\u00edses miembros.<\/p>\n","protected":false},"excerpt":{"rendered":"<p>La International Police Association es una asociaci\u00f3n independiente, integrada por miembros de polic\u00eda de diferentes pa\u00edses del mundo, en servicio activo o retirado,\u00a0 sin distinci\u00f3n\u00a0 de\u00a0 graduaci\u00f3n,\u00a0 ideolog\u00eda, sexo, raza,\u00a0 [&hellip;]<\/p>\n","protected":false},"author":1,"featured_media":0,"parent":0,"menu_order":0,"comment_status":"closed","ping_status":"closed","template":"","meta":{"footnotes":""},"class_list":["post-44","page","type-page","status-publish","hentry"],"_links":{"self":[{"href":"https:\/\/ipaeuskadi.org\/wordpress\/wp-json\/wp\/v2\/pages\/44","targetHints":{"allow":["GET"]}}],"collection":[{"href":"https:\/\/ipaeuskadi.org\/wordpress\/wp-json\/wp\/v2\/pages"}],"about":[{"href":"https:\/\/ipaeuskadi.org\/wordpress\/wp-json\/wp\/v2\/types\/page"}],"author":[{"embeddable":true,"href":"https:\/\/ipaeuskadi.org\/wordpress\/wp-json\/wp\/v2\/users\/1"}],"replies":[{"embeddable":true,"href":"https:\/\/ipaeuskadi.org\/wordpress\/wp-json\/wp\/v2\/comments?post=44"}],"version-history":[{"count":16,"href":"https:\/\/ipaeuskadi.org\/wordpress\/wp-json\/wp\/v2\/pages\/44\/revisions"}],"predecessor-version":[{"id":4619,"href":"https:\/\/ipaeuskadi.org\/wordpress\/wp-json\/wp\/v2\/pages\/44\/revisions\/4619"}],"wp:attachment":[{"href":"https:\/\/ipaeuskadi.org\/wordpress\/wp-json\/wp\/v2\/media?parent=44"}],"curies":[{"name":"wp","href":"https:\/\/api.w.org\/{rel}","templated":true}]}}