{"id":4159,"date":"2020-10-05T08:35:41","date_gmt":"2020-10-05T08:35:41","guid":{"rendered":"http:\/\/ipaeuskadi.org\/wordpress\/?page_id=4159"},"modified":"2020-11-15T22:32:46","modified_gmt":"2020-11-15T22:32:46","slug":"compra-venta","status":"publish","type":"page","link":"https:\/\/ipaeuskadi.org\/wordpress\/compra-venta\/","title":{"rendered":"Rastrillo IPA"},"content":{"rendered":"<p style=\"text-align: justify;\">Estamos recibiendo algunas solicitudes de socios que desean comprar, vender o comunicar ofertas de empresas con las que tienen contactos (familiares, amistades, etc.) y ponen a nuestra disposici\u00f3n diversos art\u00edculos (coches, motos, etc) y que nos solicitan, si es posible, se comunique a los socios por si alguno de esos art\u00edculos fuera de su inter\u00e9s.<br \/>\nComo desde IPA Euskadi pensamos que las lineas de comunicaci\u00f3n de la asociaci\u00f3n (e-mail, whatsapp) no deben convertirse en un mecadillo hemos decidido la creaci\u00f3n de esta p\u00e1gina en la que incluiremos totas las solicitudes que nos lleguen.<br \/>\nSe indicar\u00e1 la fecha de recepci\u00f3n de la informaci\u00f3n, el contenido y el contacto del vendedor o comprador<\/p>\n<h2 style=\"text-align: center;\"><strong>Art\u00edculos<\/strong><\/h2>\n<table>\n<tbody>\n<tr>\n<td width=\"100\"><\/td>\n<td width=\"500\"><\/td>\n<td style=\"text-align: right;\" width=\"250\"><strong><em>Actualizaci\u00f3n 15\/11\/2020<\/em><\/strong><\/td>\n<\/tr>\n<tr>\n<td width=\"100\"><strong><em>Fecha<\/em><\/strong><\/td>\n<td width=\"550\"><strong><em>Art\u00edculo<\/em><\/strong><\/td>\n<td width=\"200\"><strong><em>Contacto<\/em><\/strong><\/td>\n<\/tr>\n<tr>\n<td width=\"100\">14\/11\/2020<\/td>\n<td width=\"500\">\n<p style=\"text-align: justify;\">Un compa\u00f1ero nos pasa esta oferta de la empresa Zapatos<br \/>\nEsta es la empresa de uno de mis mejores amigos , anda con muchas dificultades para poder mantener la empresa abierta , con lo que supone reducci\u00f3n de puestos de trabajo , si pod\u00e9is echar un vistazo y si es de tu inter\u00e9s por favor c\u00f3mpraselo a \u00e9l , te lo env\u00edan a casa , no es nada caro y ayudas a una gran persona,<\/p>\n<p style=\"text-align: justify;\">Gracias por vuestra colaboraci\u00f3n.<\/p>\n<\/td>\n<td width=\"200\">Los pedidos los pod\u00e9is realizar por :<br \/>\nhttps:\/\/zapatosqualitypiel.com\/\/td&gt;<\/td>\n<\/tr>\n<tr>\n<td width=\"100\">05\/11\/2020<\/td>\n<td width=\"500\">\n<p style=\"text-align: justify;\">Un compa\u00f1ero nos pasa esta oferta de Distribuciones Ostolaza<br \/>\nInformamos a todos nuestros clientes que ante la posible situaci\u00f3n que se nos avecina, Distribuciones Ostolaza mantendr\u00e1 su servicio a domicilio ininterrumpido y como habitualmente hacemos sin coste adicional para un m\u00ednimo de 12 botellas.<br \/>\nPara ver sus productos: www.distribucionesostolaza.es<\/p>\n<\/td>\n<td width=\"200\">Los pedidos los pod\u00e9is realizar por :<br \/>\nWhatsApp: 678 02 06 92<br \/>\nEmail: precaser2000@telefonica.net<br \/>\nostolazadistribuciones@gmail.com<br \/>\nTel\u00e9fono: 94 671 30 51<\/td>\n<\/tr>\n<tr>\n<td width=\"100\">04\/10\/2020<\/td>\n<td width=\"500\">\n<p style=\"text-align: justify;\">En caso de que pod\u00e1is tener necesidad de alg\u00fan electrodomestico , visitar la web, ver caracter\u00edsticas y precios en la tienda on line.<br \/>\nSi algo os puede interesar, no compr\u00e9is en la tienda, poneros en contacto con Refrimak dom\u00e9stico, ya que el producto viene de all\u00ed, como provehedor nacional, pero la gama es a\u00fan m\u00e1s amplia, ya que ellos como mayoristas, solo ponen a la venta lo que m\u00e1s les interesa. Disponemos de una peque\u00f1a exposicion, para poder ver y palpar los productos.<br \/>\nIdentificaros al llamar o enviar mensaje de correo electronico, haciendo alusion al c\u00f3digo \u00a3120128 para que os informen de las ventajas en relacion a la tienda on line (en la cual en los productos que figuran, podr\u00e9is ver la ficha tecnica y manual de los aparatos y los precios recomendados, nada que ver con lo que os ofrecer\u00e1n a vosotros como colectivo).<br \/>\nSon electrodomesticos de un marca en expansi\u00f3n, conocida en la zona Norte en el canal industrial por instaladores de fr\u00edo comercial y maquinaria de hosteler\u00eda, pero desconocida de momento en el Pais Vasco en el canal domestico. LLeva dando mucho que hablar desde hace 2 a\u00f1os en el resto de Espa\u00f1a (ya que aqu\u00ed no ten\u00edan almacen ni red comercial) por la impresionante gama y calidad que poseen a muy buen precio. Pasar el c\u00f3digo a quien os parezca de vuestras amistades, familiares y resto de compa\u00f1eros y se beneficiaran tambi\u00e9n de las mismas ventajas que os ofrezco aqu\u00ed, ya que sabremos identificar de donde parte el comentario.<\/p>\n<\/td>\n<td width=\"200\">www.easelectricnorte.com<br \/>\nSanti Uriarte Obregon,<br \/>\nRefrimak dom\u00e9stico<br \/>\n(944262028 o 685649056)<br \/>\nInformacion en e.mail:<br \/>\neas.bilbao@gmail.com<\/td>\n<\/tr>\n<\/tbody>\n<\/table>\n","protected":false},"excerpt":{"rendered":"<p>Estamos recibiendo algunas solicitudes de socios que desean comprar, vender o comunicar ofertas de empresas con las que tienen contactos (familiares, amistades, etc.) y ponen a nuestra disposici\u00f3n diversos art\u00edculos [&hellip;]<\/p>\n","protected":false},"author":1,"featured_media":0,"parent":0,"menu_order":0,"comment_status":"closed","ping_status":"closed","template":"","meta":{"footnotes":""},"class_list":["post-4159","page","type-page","status-publish","hentry"],"_links":{"self":[{"href":"https:\/\/ipaeuskadi.org\/wordpress\/wp-json\/wp\/v2\/pages\/4159","targetHints":{"allow":["GET"]}}],"collection":[{"href":"https:\/\/ipaeuskadi.org\/wordpress\/wp-json\/wp\/v2\/pages"}],"about":[{"href":"https:\/\/ipaeuskadi.org\/wordpress\/wp-json\/wp\/v2\/types\/page"}],"author":[{"embeddable":true,"href":"https:\/\/ipaeuskadi.org\/wordpress\/wp-json\/wp\/v2\/users\/1"}],"replies":[{"embeddable":true,"href":"https:\/\/ipaeuskadi.org\/wordpress\/wp-json\/wp\/v2\/comments?post=4159"}],"version-history":[{"count":11,"href":"https:\/\/ipaeuskadi.org\/wordpress\/wp-json\/wp\/v2\/pages\/4159\/revisions"}],"predecessor-version":[{"id":5642,"href":"https:\/\/ipaeuskadi.org\/wordpress\/wp-json\/wp\/v2\/pages\/4159\/revisions\/5642"}],"wp:attachment":[{"href":"https:\/\/ipaeuskadi.org\/wordpress\/wp-json\/wp\/v2\/media?parent=4159"}],"curies":[{"name":"wp","href":"https:\/\/api.w.org\/{rel}","templated":true}]}}