{"id":4080,"date":"2020-08-24T19:20:22","date_gmt":"2020-08-24T19:20:22","guid":{"rendered":"http:\/\/ipaeuskadi.org\/wordpress\/?page_id=4080"},"modified":"2025-03-04T09:07:54","modified_gmt":"2025-03-04T09:07:54","slug":"formacion-internacional","status":"publish","type":"page","link":"https:\/\/ipaeuskadi.org\/wordpress\/formacion-internacional\/","title":{"rendered":"Formaci\u00f3n (Internacional)"},"content":{"rendered":"<p style=\"text-align: justify;\">En esta p\u00e1gina, recogemos la Formaci\u00f3n, Seminarios, Jornadas de car\u00e1cter profesional que nos han  remitido a nivel internacional y que IPA participa como organizadora o colaboradora.<\/p>\n<p style=\"text-align: right;\">Actualizaci\u00f3n: 20\/02\/2025<\/p>\n<p style=\"text-align: justify;\">\n<table id=\"tablepress-17\" class=\"tablepress tablepress-id-17\">\n<thead>\n<tr class=\"row-1\">\n\t<th class=\"column-1\">Fecha<\/th><th class=\"column-2\">Evento<\/th><th class=\"column-3\">Contacto<\/th>\n<\/tr>\n<\/thead>\n<tbody class=\"row-striping row-hover\">\n<tr class=\"row-2\">\n\t<td class=\"column-1\">1 al 5\/11\/2024<\/td><td class=\"column-2\">Seminario Mujeres en IPA: Abrazando una visi\u00f3n inclusiva para el futuro, Gimborn  (Alemania)<\/td><td class=\"column-3\">M\u00e1s informaci\u00f3n: <br \/>\nwww.ibz-gimborn.de<\/td>\n<\/tr>\n<tr class=\"row-3\">\n\t<td class=\"column-1\">15\/05\/2024<\/td><td class=\"column-2\">Proyecto Women in IPA y #sheisipa, seminario web gratuitos - IBZ Gimborn<\/td><td class=\"column-3\">M\u00e1s informaci\u00f3n:  https:\/\/app.seminarmanagercloud.de\/ibz-schloss-gimborn-ev\/buchungsportal\/exploring-ibz-gimborn-3d4f5b70748543779edceca0ffc62a7e<\/td>\n<\/tr>\n<tr class=\"row-4\">\n\t<td class=\"column-1\">17\/04\/2024<\/td><td class=\"column-2\">Proyecto Women in IPA y #sheisipa, seminario web gratuitos - IBZ Gimborn<\/td><td class=\"column-3\">M\u00e1s informaci\u00f3n:  https:\/\/app.seminarmanagercloud.de\/ibz-schloss-gimborn-ev\/buchungsportal\/w-24-74-the-police-heart-an-exploration-into-the-work-of-kim-hiorth-in-norway-and-an-introduction-into-her-book-ad8213e3128f48c7aa4fc7e0acd31e44<\/td>\n<\/tr>\n<tr class=\"row-5\">\n\t<td class=\"column-1\">12 y 13\/03\/2024<\/td><td class=\"column-2\">IBZ Gimborn Castel celebrar\u00e1 el webinar \"Design Against Crime \u2013 Design Out Crime\".<\/td><td class=\"column-3\">M\u00e1s informaci\u00f3n: <br \/>\n https:\/\/bit.ly\/ibzwebinar<\/td>\n<\/tr>\n<\/tbody>\n<\/table>\n<!-- #tablepress-17 from cache --><\/p>\n","protected":false},"excerpt":{"rendered":"<p>En esta p\u00e1gina, recogemos la Formaci\u00f3n, Seminarios, Jornadas de car\u00e1cter profesional que nos han remitido a nivel internacional y que IPA participa como organizadora o colaboradora. Actualizaci\u00f3n: 20\/02\/2025<\/p>\n","protected":false},"author":1,"featured_media":0,"parent":0,"menu_order":0,"comment_status":"closed","ping_status":"closed","template":"","meta":{"footnotes":""},"class_list":["post-4080","page","type-page","status-publish","hentry"],"_links":{"self":[{"href":"https:\/\/ipaeuskadi.org\/wordpress\/wp-json\/wp\/v2\/pages\/4080","targetHints":{"allow":["GET"]}}],"collection":[{"href":"https:\/\/ipaeuskadi.org\/wordpress\/wp-json\/wp\/v2\/pages"}],"about":[{"href":"https:\/\/ipaeuskadi.org\/wordpress\/wp-json\/wp\/v2\/types\/page"}],"author":[{"embeddable":true,"href":"https:\/\/ipaeuskadi.org\/wordpress\/wp-json\/wp\/v2\/users\/1"}],"replies":[{"embeddable":true,"href":"https:\/\/ipaeuskadi.org\/wordpress\/wp-json\/wp\/v2\/comments?post=4080"}],"version-history":[{"count":8,"href":"https:\/\/ipaeuskadi.org\/wordpress\/wp-json\/wp\/v2\/pages\/4080\/revisions"}],"predecessor-version":[{"id":5660,"href":"https:\/\/ipaeuskadi.org\/wordpress\/wp-json\/wp\/v2\/pages\/4080\/revisions\/5660"}],"wp:attachment":[{"href":"https:\/\/ipaeuskadi.org\/wordpress\/wp-json\/wp\/v2\/media?parent=4080"}],"curies":[{"name":"wp","href":"https:\/\/api.w.org\/{rel}","templated":true}]}}