{"id":4061,"date":"2020-08-24T09:59:23","date_gmt":"2020-08-24T09:59:23","guid":{"rendered":"http:\/\/ipaeuskadi.org\/wordpress\/?page_id=4061"},"modified":"2025-03-04T10:01:21","modified_gmt":"2025-03-04T10:01:21","slug":"formacion","status":"publish","type":"page","link":"https:\/\/ipaeuskadi.org\/wordpress\/formacion\/","title":{"rendered":"Formaci\u00f3n"},"content":{"rendered":"<p>Enlace a la formaci\u00f3n (cursos, seminarios, etc.) que est\u00e1 previsto organizar, tanto a nivel nacional como internacional,\u00a0 y que est\u00e1n a disposici\u00f3n de tod@s l@s soci@s que pudierais estar interesad@s.<\/p>\n<table>\n<tbody>\n<tr>\n<td style=\"text-align: right;\" width=\"900\"><strong><em>Actualizado 23\/02\/2025<\/em><\/strong><\/td>\n<\/tr>\n<\/tbody>\n<\/table>\n<table>\n<tbody>\n<tr>\n<td style=\"text-align:left;\" width=\"200\"><strong><em>Euskadi<\/em><\/strong><\/td>\n<td><a href=\"https:\/\/ipaeuskadi.org\/wordpress\/formacion-euskadi\/\">Acceder a Formacion<\/a><\/td>\n<\/tr>\n<tr>\n<td style=\"text-align:left;\" width=\"200\"><strong><em>Nacional<\/em><\/strong><\/td>\n<td><a href=\"https:\/\/ipaeuskadi.org\/wordpress\/formacion-nacional-internacional\/\">Acceder a Formacion<\/a><\/td>\n<\/tr>\n<tr>\n<td style=\"text-align:left;\" width=\"200\"><strong><em>Internacional<\/em><\/strong><\/td>\n<td><a href=\"https:\/\/ipaeuskadi.org\/wordpress\/formacion-internacional\/\">Acceder a Formacion<\/a><\/td>\n<\/tr>\n<\/tbody>\n<\/table>\n","protected":false},"excerpt":{"rendered":"<p>Enlace a la formaci\u00f3n (cursos, seminarios, etc.) que est\u00e1 previsto organizar, tanto a nivel nacional como internacional,\u00a0 y que est\u00e1n a disposici\u00f3n de tod@s l@s soci@s que pudierais estar interesad@s. [&hellip;]<\/p>\n","protected":false},"author":1,"featured_media":0,"parent":0,"menu_order":0,"comment_status":"closed","ping_status":"closed","template":"","meta":{"footnotes":""},"class_list":["post-4061","page","type-page","status-publish","hentry"],"_links":{"self":[{"href":"https:\/\/ipaeuskadi.org\/wordpress\/wp-json\/wp\/v2\/pages\/4061","targetHints":{"allow":["GET"]}}],"collection":[{"href":"https:\/\/ipaeuskadi.org\/wordpress\/wp-json\/wp\/v2\/pages"}],"about":[{"href":"https:\/\/ipaeuskadi.org\/wordpress\/wp-json\/wp\/v2\/types\/page"}],"author":[{"embeddable":true,"href":"https:\/\/ipaeuskadi.org\/wordpress\/wp-json\/wp\/v2\/users\/1"}],"replies":[{"embeddable":true,"href":"https:\/\/ipaeuskadi.org\/wordpress\/wp-json\/wp\/v2\/comments?post=4061"}],"version-history":[{"count":4,"href":"https:\/\/ipaeuskadi.org\/wordpress\/wp-json\/wp\/v2\/pages\/4061\/revisions"}],"predecessor-version":[{"id":5662,"href":"https:\/\/ipaeuskadi.org\/wordpress\/wp-json\/wp\/v2\/pages\/4061\/revisions\/5662"}],"wp:attachment":[{"href":"https:\/\/ipaeuskadi.org\/wordpress\/wp-json\/wp\/v2\/media?parent=4061"}],"curies":[{"name":"wp","href":"https:\/\/api.w.org\/{rel}","templated":true}]}}