{"id":3061,"date":"2018-06-19T08:11:48","date_gmt":"2018-06-19T08:11:48","guid":{"rendered":"http:\/\/ipaeuskadi.org\/wordpress\/?page_id=3061"},"modified":"2022-12-24T11:07:31","modified_gmt":"2022-12-24T11:07:31","slug":"comision-cultural-ipa-euskadi","status":"publish","type":"page","link":"https:\/\/ipaeuskadi.org\/wordpress\/comision-cultural-ipa-euskadi\/","title":{"rendered":"Comisi\u00f3n Cultural"},"content":{"rendered":"<p style=\"text-align: justify;\">Informaci\u00f3n relativa a actividades, eventos e informaci\u00f3n relacionada con temas culturales, organizados o\u00a0 en los que\u00a0 colabora tanto\u00a0 IPA Euskadi como\u00a0 el resto de Comunidades. As\u00ed mismo aquellas aportaciones realizadas por los socios.<br \/>\nQueremos facilitar y apoyar todas aquellas iniciativas que nos envi\u00e9is con el fin de realizar aquellas\u00a0 actividades\u00a0 culturales\u00a0 que\u00a0 sirvan\u00a0 para\u00a0 dinamizar la\u00a0 actividad\u00a0 de\u00a0 IPA en\u00a0 esta materia.<br \/>\nPod\u00e9is hacernos llegar vuestras propuestas a comisioncultural@ipaeuskadi.org<\/p>\n<table style=\"height: 175px;\" width=\"624\">\n<tbody>\n<tr>\n<td width=\"650\">\n<p style=\"text-align: center;\"><a href=\"https:\/\/ipaeuskadi.org\/wordpress\/wp-content\/uploads\/2018\/06\/reverso-carne_IPA_2018.png\"><img loading=\"lazy\" decoding=\"async\" class=\" wp-image-1366 size-full aligncenter\" src=\"https:\/\/ipaeuskadi.org\/wordpress\/wp-content\/uploads\/2018\/06\/reverso-carne_IPA_2018.png\" alt=\"Actividad Cultural\" width=\"175\" height=\"227\" \/><\/a>Actividad Cultural<\/p>\n<\/td>\n<\/tr>\n<\/tbody>\n<\/table>\n<p style=\"text-align: justify;\"><span style=\"text-decoration: underline;\"><span style=\"color: #ff0000; text-decoration: underline;\">Importante:<\/span><\/span><br \/>\nLos comentarios que se remitan no se publicar\u00e1n de forma instant\u00e1nea ya que deben ser aprobados por IPA Euskadi para su publicaci\u00f3n.<br \/>\nEste procedimiento est\u00e1 motivado, s\u00f3lo y exclusivamente, para evitar comentarios o formas de\u00a0 expresi\u00f3n\u00a0 que nada\u00a0 tienen\u00a0 que ver\u00a0 con el esp\u00edritu de\u00a0 nuestra asociaci\u00f3n (comentarios pol\u00edticos o sindicales, expresiones malsonantes o injuriosa, etc).<\/p>\n","protected":false},"excerpt":{"rendered":"<p>Informaci\u00f3n relativa a actividades, eventos e informaci\u00f3n relacionada con temas culturales, organizados o\u00a0 en los que\u00a0 colabora tanto\u00a0 IPA Euskadi como\u00a0 el resto de Comunidades. As\u00ed mismo aquellas aportaciones realizadas [&hellip;]<\/p>\n","protected":false},"author":1,"featured_media":0,"parent":0,"menu_order":0,"comment_status":"closed","ping_status":"closed","template":"","meta":{"footnotes":""},"class_list":["post-3061","page","type-page","status-publish","hentry"],"_links":{"self":[{"href":"https:\/\/ipaeuskadi.org\/wordpress\/wp-json\/wp\/v2\/pages\/3061","targetHints":{"allow":["GET"]}}],"collection":[{"href":"https:\/\/ipaeuskadi.org\/wordpress\/wp-json\/wp\/v2\/pages"}],"about":[{"href":"https:\/\/ipaeuskadi.org\/wordpress\/wp-json\/wp\/v2\/types\/page"}],"author":[{"embeddable":true,"href":"https:\/\/ipaeuskadi.org\/wordpress\/wp-json\/wp\/v2\/users\/1"}],"replies":[{"embeddable":true,"href":"https:\/\/ipaeuskadi.org\/wordpress\/wp-json\/wp\/v2\/comments?post=3061"}],"version-history":[{"count":7,"href":"https:\/\/ipaeuskadi.org\/wordpress\/wp-json\/wp\/v2\/pages\/3061\/revisions"}],"predecessor-version":[{"id":3089,"href":"https:\/\/ipaeuskadi.org\/wordpress\/wp-json\/wp\/v2\/pages\/3061\/revisions\/3089"}],"wp:attachment":[{"href":"https:\/\/ipaeuskadi.org\/wordpress\/wp-json\/wp\/v2\/media?parent=3061"}],"curies":[{"name":"wp","href":"https:\/\/api.w.org\/{rel}","templated":true}]}}