{"id":2863,"date":"2018-05-27T19:43:12","date_gmt":"2018-05-27T19:43:12","guid":{"rendered":"http:\/\/ipaeuskadi.org\/wordpress\/?page_id=2863"},"modified":"2019-05-18T08:30:20","modified_gmt":"2019-05-18T08:30:20","slug":"politicas-de-privacidad-y-uso-de-cookies","status":"publish","type":"page","link":"https:\/\/ipaeuskadi.org\/wordpress\/politicas-de-privacidad-y-uso-de-cookies\/","title":{"rendered":"Pol\u00edticas de PRIVACIDAD y uso de COOKIES"},"content":{"rendered":"<p style=\"text-align: justify;\">La aceptaci\u00f3n de las presentes condiciones en materia de POL\u00cdTICA DE PRIVACIDAD Y USO DE COOKIES supondr\u00e1 la celebraci\u00f3n de un contrato donde ser\u00e1n partes:<\/p>\n<p style=\"text-align: justify;\">De un lado la Organizaci\u00f3n no Gubernamental \u00a0denominada <em><strong>Intenational Police Association &#8211; Comunidad Euskadi (IPA<\/strong><\/em><em>),<\/em> con CIF n\u00ba G01271535, y domicilio en Arkaute (\u00c1lava), inscrita en el Registro de Asociaciones, Secci\u00f3n 1\u00aa con el n\u00famero AS\/A\/07522\/1998 del Gobierno Vasco en adelante IPA Euskadi.<\/p>\n<p style=\"text-align: justify;\">Y de otra, el Socio\u00a0 o persona cuyos\u00a0 datos son los que\u00a0 haya proporcionado\u00a0 a IPA Euskadi a trav\u00e9s\u00a0 de la web www.ipaeuskadi.org, siendo\u00a0 necesarios todos \u00a0los\u00a0 datos que\u00a0 se\u00a0 recaban para la correcta prestaci\u00f3n de los servicios prestados por la asociaci\u00f3n.<\/p>\n<p style=\"text-align: justify;\">Las partes se\u00a0 reconocen capacidad\u00a0 legal suficiente y\u00a0 la representaci\u00f3n\u00a0 con la que act\u00faan para la suscripci\u00f3n del presente documento y, a tal fin,<\/p>\n<p style=\"text-align: justify;\">De conformidad con lo establecido en el art. 5 de la Ley Org\u00e1nica 3\/2018 (LOPD), de 5 diciembre, y el art. 5.1.f del Reglamento General de Protecci\u00f3n de Datos,\u00a0 Reglamento (UE) 2016\/679 (RGPD), le informamos que el responsable del tratamiento de los datos personales que nos suministre a trav\u00e9s de nuestra p\u00e1gina web es:<\/p>\n<p style=\"text-align: justify;\"><em><strong>Intenational Police Association &#8211; Comunidad Euskadi (IPA<\/strong><\/em><em>),<\/em> con CIF n\u00ba G01271535, inscrita en el Registro de Asociaciones, Secci\u00f3n 1\u00aa con el n\u00famero AS\/A\/07522\/1998 del Gobierno Vasco, y domicilio en Arkaute (\u00c1lava) Tel\u00e9fono 607460261 a trav\u00e9s de la gesti\u00f3n realizada por nuestro proveedor IBERONET INTERNET SL. CIF: B-53551313, en el que se encuentra nuestro servidor de dominio y correo electr\u00f3nico<\/p>\n<p style=\"text-align: justify;\">Los usuarios podr\u00e1n ejercitar en cualquier momento los siguientes derechos reconocidos por el RGPD:<br \/>\nDerecho de acceso.<br \/>\nDerecho a obtener una copia de sus datos personales.<br \/>\nDerecho de rectificaci\u00f3n.<br \/>\nDerecho de supresi\u00f3n.<br \/>\nDerecho de limitaci\u00f3n del tratamiento.<br \/>\nDerecho a la portabilidad.<\/p>\n<p style=\"text-align: justify;\">El usuario podr\u00e1 ejercer sus derechos de acceso, rectificaci\u00f3n, cancelaci\u00f3n y oposici\u00f3n establecidos en la Ley y en el\u00a0 Reglamento (UE), enviando una comunicaci\u00f3n a la siguiente direcci\u00f3n:<br \/>\nApartado de correos n\u00ba 199<br \/>\n48960 Galdakao (Bizkaia)<br \/>\no a la direcci\u00f3n de correo electr\u00f3nico\u00a0 <strong>lopd@ipaeuskadi.org<\/strong><\/p>\n<p>* Sobre los datos que se recaban<\/p>\n<p style=\"text-align: justify;\">La recogida y almacenamiento de los datos personales de los usuarios tienen como finalidad exclusiva de mantener una relaci\u00f3n informativa de los eventos y actividades desarrollados por la Asociaci\u00f3n.<\/p>\n<p style=\"text-align: justify;\">El acceso a los datos de car\u00e1cter personal que pudiera efectuar IPA Euskadi no se considerar\u00e1 comunicaci\u00f3n de datos, por ser necesario para la prestaci\u00f3n del servicio de su web. Siendo en todo caso responsable del tratamiento de los datos citados, correspondi\u00e9ndole, como tal, adoptar las decisiones referentes a la finalidad, contenido y uso del tratamiento, sin que, por tales decisiones, pueda ser exigida al proveedor responsabilidad alguna.<\/p>\n<p style=\"text-align: justify;\">El proveedor tratar\u00e1, en su caso, los datos de car\u00e1cter personal conforme a las instrucciones que a tal efecto establezca el responsable del tratamiento. Igualmente se compromete a utilizar los indicados datos \u00fanicamente para el cumplimiento de los servicios objeto del actual contrato, que es el alojamiento de p\u00e1ginas web para el que el proveedor cuenta, directa o indirectamente con los medios necesarios, y a no aplicarlos ni utilizarlos con un fin distinto al indicado, ni a comunicarlos, ni siquiera para su conservaci\u00f3n, a otras personas, cuando tal comunicaci\u00f3n no haya sido permitida por el responsable del fichero.<\/p>\n<p style=\"text-align: justify;\">En caso de que los datos personales tratados requieran de alguna medida adicional, IPA Euskadi podr\u00e1 poner en conocimiento del proveedor tal circunstancia, el proveedor con el objeto de facilitar la adopci\u00f3n de la referida medida de seguridad, puede ofrecer a IPA Euskadi la posibilidad de contrataci\u00f3n adicional de las tecnolog\u00edas y servicios necesarios para la implementaci\u00f3n de \u00e9sta, mediante su acuerdo y firma de un contrato distinto del presente o podr\u00e1, a su sola discreci\u00f3n, y por causas motivadas, indicar a IPA Euskadi que no puede proporcionar dicha medida de seguridad.<\/p>\n<p style=\"text-align: justify;\">El proveedor destruir\u00e1 o devolver\u00e1 la informaci\u00f3n puesta a su disposici\u00f3n por IPA Euskadi\u00a0 de las bases de datos, una vez concluida la prestaci\u00f3n de los servicios de alojamiento.<\/p>\n<p style=\"text-align: justify;\">A los efectos de lo dispuesto en esta cl\u00e1usula, IPA Euskadi asegura el cumplimiento de la legislaci\u00f3n vigente sobre protecci\u00f3n de datos y tratamiento de datos de car\u00e1cter personal, especialmente en lo relativo a la creaci\u00f3n de los ficheros correspondientes, la calidad de los datos del sistema y la procedencia de su recogida, haci\u00e9ndose plenamente responsable de la estricta observancia de la indicada normativa. As\u00ed mismo, IPA Euskadi asume la obligaci\u00f3n de comunicar al proveedor absolutamente todos los ficheros y tratamientos de datos de car\u00e1cter personal que efect\u00fae, a fin de que el proveedor adopte las medidas de seguridad pertinentes. IPA Euskadi asume cualquier responsabilidad que, por terceros o por las Administraciones P\u00fablicas, pudieran ser exigidas al proveedor con base en la indicada legislaci\u00f3n, motivada en acciones u omisiones de IPA Euskadi, incluidos los honorarios de abogado y procurador aunque su intervenci\u00f3n no fuera preceptiva.<\/p>\n<p style=\"text-align: justify;\">La responsabilidad del proveedor se extender\u00e1 \u00fanicamente al cumplimiento de los servicios que se prestan sin que, consecuentemente, pueda extenderse \u00e9sta a ficheros o tratamientos no comunicados o a aspectos que sean competencia del responsable del tratamiento tales como la recogida de los datos, las decisiones sobre su finalidad, contenido y uso, el acceso a los mismos por los interesados en ejercicio de sus derechos, la determinaci\u00f3n de las medidas de seguridad necesarias, y cualquiera otras funciones est\u00e9n previstas legalmente y no formen parte del actual servicio de alojamiento.<\/p>\n<p style=\"text-align: justify;\">EL proveedor no se hace responsable del incumplimiento de las obligaciones derivadas de la normativa correspondiente en materia de protecci\u00f3n de datos por parte de IPA Euskadi.<\/p>\n<p>IPA Euskadi<\/p>\n","protected":false},"excerpt":{"rendered":"<p>La aceptaci\u00f3n de las presentes condiciones en materia de POL\u00cdTICA DE PRIVACIDAD Y USO DE COOKIES supondr\u00e1 la celebraci\u00f3n de un contrato donde ser\u00e1n partes: De un lado la Organizaci\u00f3n [&hellip;]<\/p>\n","protected":false},"author":1,"featured_media":0,"parent":0,"menu_order":0,"comment_status":"open","ping_status":"closed","template":"","meta":{"footnotes":""},"class_list":["post-2863","page","type-page","status-publish","hentry"],"_links":{"self":[{"href":"https:\/\/ipaeuskadi.org\/wordpress\/wp-json\/wp\/v2\/pages\/2863","targetHints":{"allow":["GET"]}}],"collection":[{"href":"https:\/\/ipaeuskadi.org\/wordpress\/wp-json\/wp\/v2\/pages"}],"about":[{"href":"https:\/\/ipaeuskadi.org\/wordpress\/wp-json\/wp\/v2\/types\/page"}],"author":[{"embeddable":true,"href":"https:\/\/ipaeuskadi.org\/wordpress\/wp-json\/wp\/v2\/users\/1"}],"replies":[{"embeddable":true,"href":"https:\/\/ipaeuskadi.org\/wordpress\/wp-json\/wp\/v2\/comments?post=2863"}],"version-history":[{"count":9,"href":"https:\/\/ipaeuskadi.org\/wordpress\/wp-json\/wp\/v2\/pages\/2863\/revisions"}],"predecessor-version":[{"id":3640,"href":"https:\/\/ipaeuskadi.org\/wordpress\/wp-json\/wp\/v2\/pages\/2863\/revisions\/3640"}],"wp:attachment":[{"href":"https:\/\/ipaeuskadi.org\/wordpress\/wp-json\/wp\/v2\/media?parent=2863"}],"curies":[{"name":"wp","href":"https:\/\/api.w.org\/{rel}","templated":true}]}}