{"id":2853,"date":"2018-05-27T19:25:51","date_gmt":"2018-05-27T19:25:51","guid":{"rendered":"http:\/\/ipaeuskadi.org\/wordpress\/?page_id=2853"},"modified":"2018-05-27T19:25:51","modified_gmt":"2018-05-27T19:25:51","slug":"utilizacion-de-cookies-y-que-son-las-cookies","status":"publish","type":"page","link":"https:\/\/ipaeuskadi.org\/wordpress\/utilizacion-de-cookies-y-que-son-las-cookies\/","title":{"rendered":"UTILIZACI\u00d3N DE COOKIES Y QUE SON LAS COOKIES?"},"content":{"rendered":"<p style=\"text-align: justify;\">UTILIZACI\u00d3N DE COOKIES Y QUE SON LAS COOKIES?<br \/>\nLas \u00abcookies\u00bb son archivos de texto que almacenar\u00e1n \u00fanicamente datos relativos al usuario an\u00f3nimo y su ordenador, sin que en ning\u00fan caso se incluyan datos de car\u00e1cter personal que permita\u00a0 realizar cualquier\u00a0 perfil del\u00a0 usuario. En\u00a0 todo caso, \u00e9ste\u00a0 tiene la\u00a0 posibilidad de desactivar estas \u00abcookies\u00bb desde la configuraci\u00f3n de su navegador, de forma que notifique y rechace las mismas.<br \/>\nIPA Euskadi utiliza en su sitio web los siguientes tipos de cookies:<br \/>\nCookies de sesi\u00f3n que expiran cuando el Usuario abandona la p\u00e1gina o cierra el navegador.<br \/>\nCookies permanentes que tienen fecha de borrado, se eliminan o bien cuando se borran \u00a0manualmente o cuando expiran.\n<\/p>\n<p style=\"text-align: justify;\">ESTRICTAMENTE NECESARIAS, (cookies de sesion y permanentes)<br \/>\nLas cookies t\u00e9cnicas estrictamente necesarias le permiten el acceso y navegar por su \u00e1rea de usuario, correo\u00a0 web y paneles\u00a0 de control, de acceso\u00a0 exclusivo a\u00a0 usuarios\u00a0 de\u00a0 IPA Euskadi. Estas cookies\u00a0 no recogen ninguna informaci\u00f3n que pueda ser utilizada\u00a0 por\u00a0 acciones\u00a0 de marketing o para recordar por qu\u00e9 p\u00e1ginas ha navegado.<br \/>\nAceptar estas cookies es condici\u00f3n necesaria para el acceso a su \u00e1rea de usuario, correo web y\u00a0 paneles de\u00a0 control, por\u00a0 lo que si\u00a0 decide\u00a0 eliminar\u00a0 estas\u00a0 cookies\u00a0 de\u00a0 su\u00a0 navegador\u00a0 no podremos garantizar el acceso a su \u00e1rea de usuario, correo web y paneles de control.\n<\/p>\n<p style=\"text-align: justify;\">COOKIES ANALITICAS (cookies permanentes)<br \/>\nEstas cookies se usan para el seguimiento y an\u00e1lisis estad\u00edstico del conjunto de los usuarios, n\u00famero\u00a0 de visitas\u00a0 y\u00a0 accesos\u00a0 a\u00a0 las diferentes\u00a0 secciones\u00a0 de\u00a0 la web. Si\u00a0 decide\u00a0 eliminar estas cookies, el sitio web podr\u00e1 seguir funcionando.\n<\/p>\n<p style=\"text-align: left;\">COMO DESACTIVAR MIS COOKIES EN LOS PRINCIPALES NAVEGADORES<br \/>\nChrome, desde http:\/\/support.google.com\/chrome\/bin\/answer.py?hl=es&amp;answer=95647<br \/>\nExplorer,desdehttp:\/\/windows.microsoft.com\/es-es\/windows7\/how-to-manage-cookies-in-internet-explorer-9<br \/>\nFirefox, desde http:\/\/support.mozilla.org\/es\/kb\/habilitar-y-deshabilitar-cookies-que-los-sitios-we<br \/>\nSafari, desde http:\/\/support.apple.com\/kb\/ph5042<\/p>\n<p style=\"text-align: justify;\">Otros\u00a0 navegadores: En\u00a0 general, suele\u00a0 estar en\u00a0 el men\u00fa Preferencias\u00a0 o\u00a0 Configuraci\u00f3n del navegador \u00a0y buscar la secci\u00f3n Privacidad o seguridad.<br \/>\nEn caso de duda deber\u00e1s de contactar con el fabricante del software (navegador)<\/p>\n<p>IPA Euskadi<\/p>\n","protected":false},"excerpt":{"rendered":"<p>UTILIZACI\u00d3N DE COOKIES Y QUE SON LAS COOKIES? Las \u00abcookies\u00bb son archivos de texto que almacenar\u00e1n \u00fanicamente datos relativos al usuario an\u00f3nimo y su ordenador, sin que en ning\u00fan caso [&hellip;]<\/p>\n","protected":false},"author":1,"featured_media":0,"parent":0,"menu_order":0,"comment_status":"open","ping_status":"closed","template":"","meta":{"footnotes":""},"class_list":["post-2853","page","type-page","status-publish","hentry"],"_links":{"self":[{"href":"https:\/\/ipaeuskadi.org\/wordpress\/wp-json\/wp\/v2\/pages\/2853","targetHints":{"allow":["GET"]}}],"collection":[{"href":"https:\/\/ipaeuskadi.org\/wordpress\/wp-json\/wp\/v2\/pages"}],"about":[{"href":"https:\/\/ipaeuskadi.org\/wordpress\/wp-json\/wp\/v2\/types\/page"}],"author":[{"embeddable":true,"href":"https:\/\/ipaeuskadi.org\/wordpress\/wp-json\/wp\/v2\/users\/1"}],"replies":[{"embeddable":true,"href":"https:\/\/ipaeuskadi.org\/wordpress\/wp-json\/wp\/v2\/comments?post=2853"}],"version-history":[{"count":9,"href":"https:\/\/ipaeuskadi.org\/wordpress\/wp-json\/wp\/v2\/pages\/2853\/revisions"}],"predecessor-version":[{"id":2862,"href":"https:\/\/ipaeuskadi.org\/wordpress\/wp-json\/wp\/v2\/pages\/2853\/revisions\/2862"}],"wp:attachment":[{"href":"https:\/\/ipaeuskadi.org\/wordpress\/wp-json\/wp\/v2\/media?parent=2853"}],"curies":[{"name":"wp","href":"https:\/\/api.w.org\/{rel}","templated":true}]}}