{"id":2093,"date":"2017-06-17T09:38:54","date_gmt":"2017-06-17T09:38:54","guid":{"rendered":"http:\/\/ipaeuskadi.org\/wordpress\/?page_id=2093"},"modified":"2024-05-06T06:31:07","modified_gmt":"2024-05-06T06:31:07","slug":"formulario-de-viajes","status":"publish","type":"page","link":"https:\/\/ipaeuskadi.org\/wordpress\/formulario-de-viajes\/","title":{"rendered":"Formulario de viajes"},"content":{"rendered":"<h3 style=\"text-align: center;\">DIRECTRICES Y RECOMENDACIONES<br \/>\nGu\u00eda para la cumplimentaci\u00f3n del Formulario Internacional de Viajes<\/h3>\n<p style=\"text-align: justify;\">Se deber\u00e1 utilizar el formulario de viajes cuando personas o grupos deseen ayuda de las Secciones que tienen previsto visitar. No es necesario utilizarlo cuando ya se est\u00e1n llevando a cabo contactos personales, por ejemplo, visitas de intercambio regulares en grupo, visitas a amigos, etc.<\/p>\n<p style=\"text-align: justify;\">En relaci\u00f3n a la asistencia IPA en destino para los viajes de los socios que as\u00ed lo soliciten y en virtud de las vinculantes instrucciones de IPA Internacional e IPA Espa\u00f1a respectivamente, con el objeto de optimizar y agilizar los tr\u00e1mites, seguir el procedimiento que se expone:<br \/>\n1.- Cumplimentar el impreso oficial adjunto, que se facilita en PDF editable \u201cTravel Form\u201d, en los apartados que se indican.<\/p>\n<p style=\"text-align: justify; padding-left: 120px;\"><a href=\"https:\/\/ipaeuskadi.org\/wordpress\/wp-content\/uploads\/2023\/02\/Travel-Form-English-2023.pdf \">Travel Form_ingl\u00e9s<\/a><br \/>\n<a href=\"https:\/\/ipaeuskadi.org\/wordpress\/wp-content\/uploads\/2023\/02\/Travel-Form-Espa\u00f1ol-2023.pdf\">Travel Form_castellano<\/a><\/p>\n<p style=\"text-align: justify; padding-left: 40px;\">1.1.- NO rellenar el apartado superior donde dice \u201cPara la Secci\u00f3n Nacional de IPA, a la que pertenece el solicitante.<\/p>\n<p style=\"text-align: justify;\">2.- Una vez cumplimentado debes firmarlo e indicar la fecha de tu ingreso en IPA.<br \/>\n2.1.- Si no puedes incluir tu firma, como elemento gr\u00e1fico, pon de nuevo tu Nombre\u00a0 y\u00a0\u00a0\u00a0\u00a0\u00a0\u00a0\u00a0 Apellidos, en el espacio que se solicita (despu\u00e9s del punto 11).<br \/>\n3.- NO debe rellenar el apartado inferior donde dice \u201cPARA USO OFICIAL\u201d<br \/>\n4.- El impreso a utilizar debe ser siempre en el idioma ingl\u00e9s, salvo si el destino es un pa\u00eds de habla hispana.<br \/>\n5.- Debes enviarlo, v\u00eda e-mail y en ese mismo formato, a IPA Euskadi,\u00a0\u00a0 travelmanagement@ipaeuskadi.org.<br \/>\n6.- Debes adjuntar tambi\u00e9n tu Carnet de IPA del a\u00f1o en curso, escaneado, fotografiado o fotocopiado.<br \/>\n7.- Los plazos para poder realizar el tr\u00e1mite respecto a la fecha de inicio del viaje, son los siguientes:<\/p>\n<p style=\"padding-left: 30px; text-align: justify;\">7.1.- Para grupos de 1 a 4 personas, con al menos DOS meses (60 d\u00edas) de antelaci\u00f3n.<br \/>\n7.2.- Para grupos de 5 o m\u00e1s personas, con al menos CUATRO meses (120 d\u00edas) de antelaci\u00f3n.<\/p>\n<p style=\"text-align: justify;\">8.- Una vez que tu solicitud sea validada por IPA Euskadi, \u00e9sta se remitir\u00e1 a la Comisi\u00f3n Nacional de Viajes de la Secci\u00f3n Nacional, desde donde se proceder\u00e1, a la mayor brevedad posible, a su tr\u00e1mite hacia el pa\u00eds de destino.<\/p>\n<p style=\"text-align: justify;\">INFORMACIONES ADICIONALES<br \/>\n1.-\u00a0 Patrullaje en New York:<br \/>\nAquellos que deseen solicitar el patrullaje (Ride Along) en la ciudad de Nueva York, seg\u00fan normativa interna del propio Departamento de Polic\u00eda de NY, debe ser cursada directamente por el propio interesado y con al menos UN mes (30 d\u00edas) de antelaci\u00f3n, al \u201cCommunity Affairs Bureau\u201d de la Polic\u00eda de New York ( NYPD ), mediante e-mail: <strong>communityaffairs@nypd.org<\/strong>, a la atenci\u00f3n de <strong>Joanne Jaffe<\/strong>, adjunt\u00e1ndole adem\u00e1s los impresos correspondientes, pasaporte, carnet profesional y una carta-autorizaci\u00f3n, con membrete oficial, sellada y firmada por el Jefe del Cuerpo Policial de pertenencia o Unidad del solicitante. El tel\u00e9fono de contacto de dicho departamento es: (001) 646-610-5323<br \/>\nPuede comprobar detalladamente lo oficialmente establecido al respecto y descargar los documentos en:<br \/>\nhttp:\/\/www.nyc.gov\/html\/nypd\/downloads\/pdf\/community_affairs\/Ride_Along.pdf<\/p>\n<p style=\"text-align: justify;\">2.-\u00a0 Programa de intercambio policial con IPA USA<br \/>\nLos socios de IPA podr\u00e1n solicitar participar en el programa denominado \u201cUS IPA ACTIVE-OFFICER EXCHANGE PROGRAM\u201d mediante el que podr\u00e1n incorporarse a una unidad o destino policial de Estados Unidos durante un tiempo determinado. Para realizar dicha solicitud el interesado deber\u00e1 proceder del modo ordinario establecido para la asistencia IPA en el extranjero, enviando el correspondiente Travel Form con al menos SEIS MESES de antelaci\u00f3n a la Secretar\u00eda de IPA Euskadi indicando expl\u00edcitamente que desea participar en el programa. Una vez validada la petici\u00f3n, IPA Euskdai \u00a0la remitir\u00e1 a la Comisi\u00f3n de la Secretar\u00eda Nacional para su tr\u00e1mite con IPA USA.<br \/>\nEl solicitante debe conocer, aceptar y asumir los siguientes par\u00e1metros y condiciones como requisito \u201csine qua non\u201d para participar de dicho programa:<br \/>\n\u2013 \u00a0\u00a0 \u00danicamente disponible para polic\u00edas en servicio activo.<br \/>\n\u2013 \u00a0\u00a0 El solicitante debe tener al menos UN a\u00f1o de antig\u00fcedad como miembro de IPA.<br \/>\n\u2013 \u00a0\u00a0 Es imprescindible ingl\u00e9s fluido<br \/>\n\u2013 \u00a0\u00a0 Es imprescindible la contrataci\u00f3n de un seguro m\u00e9dico y de repatriaci\u00f3n durante el periodo de prestaci\u00f3n del servicio mediante el presente programa.<br \/>\n\u2013 \u00a0\u00a0 Es imprescindible que el solicitante supere una prueba de verificaci\u00f3n de antecedentes llevada a cabo por la fuerza policial de destino llevada a cabo mediante el NCIS y \/ o Interpol.<br \/>\n\u2013 \u00a0\u00a0 Es imprescindible que el solicitante firme un documento de exenci\u00f3n de responsabilidad, expedida por la fuerza policial de destino.<br \/>\n\u2013 \u00a0\u00a0 TODOS los gastos derivados de la participaci\u00f3n en el programa (viajes, traslados, hospedaje, manutenci\u00f3n etc) ser\u00e1n sufragados \u00edntegramente por el participante.<br \/>\n\u2013 \u00a0\u00a0 Los solicitantes deben tener en cuenta que aunque quieran optar a prestar servicio en Departamentos de Polic\u00eda de gran tama\u00f1o y prestigio internacional, tales como NYPD, Miami Dade, LAPD, Las Vegas PD etc., muy probablemente su destino NO sea finalmente ninguno de esos. Los solicitantes deben saber que existen m\u00e1s de 17.000 destinos policiales, de los cuales aproximadamente el 50% de ellos con menos de 10 polic\u00edas por plantilla. Consecuentemente se debe aceptar la incorporaci\u00f3n al destino policial que se les asigne, dado que este programa no es una actividad vacacional o recreativa, sino profesional.<\/p>\n","protected":false},"excerpt":{"rendered":"<p>DIRECTRICES Y RECOMENDACIONES Gu\u00eda para la cumplimentaci\u00f3n del Formulario Internacional de Viajes Se deber\u00e1 utilizar el formulario de viajes cuando personas o grupos deseen ayuda de las Secciones que tienen [&hellip;]<\/p>\n","protected":false},"author":1,"featured_media":0,"parent":0,"menu_order":0,"comment_status":"closed","ping_status":"closed","template":"","meta":{"footnotes":""},"class_list":["post-2093","page","type-page","status-publish","hentry"],"_links":{"self":[{"href":"https:\/\/ipaeuskadi.org\/wordpress\/wp-json\/wp\/v2\/pages\/2093","targetHints":{"allow":["GET"]}}],"collection":[{"href":"https:\/\/ipaeuskadi.org\/wordpress\/wp-json\/wp\/v2\/pages"}],"about":[{"href":"https:\/\/ipaeuskadi.org\/wordpress\/wp-json\/wp\/v2\/types\/page"}],"author":[{"embeddable":true,"href":"https:\/\/ipaeuskadi.org\/wordpress\/wp-json\/wp\/v2\/users\/1"}],"replies":[{"embeddable":true,"href":"https:\/\/ipaeuskadi.org\/wordpress\/wp-json\/wp\/v2\/comments?post=2093"}],"version-history":[{"count":13,"href":"https:\/\/ipaeuskadi.org\/wordpress\/wp-json\/wp\/v2\/pages\/2093\/revisions"}],"predecessor-version":[{"id":5434,"href":"https:\/\/ipaeuskadi.org\/wordpress\/wp-json\/wp\/v2\/pages\/2093\/revisions\/5434"}],"wp:attachment":[{"href":"https:\/\/ipaeuskadi.org\/wordpress\/wp-json\/wp\/v2\/media?parent=2093"}],"curies":[{"name":"wp","href":"https:\/\/api.w.org\/{rel}","templated":true}]}}