{"id":2,"date":"2014-05-09T04:35:09","date_gmt":"2014-05-09T04:35:09","guid":{"rendered":"http:\/\/ipaeuskadi.org\/wordpress\/?page_id=2"},"modified":"2026-01-22T23:15:42","modified_gmt":"2026-01-22T23:15:42","slug":"ipa","status":"publish","type":"page","link":"https:\/\/ipaeuskadi.org\/wordpress\/","title":{"rendered":"IPA"},"content":{"rendered":"<tr>\n<td>\n<\/td>\n<td>\n<h4 style=\"text-align: justify;\">Actividades que tenemos previstas para el 2026 que esperamos poder celebrar. Como ya viene siendo habitual estamos preparando actividades de formaci\u00f3n, sociales, deportivas, etc.<br \/>\nEsta no es una programaci\u00f3n cerrada, Si ten\u00e9is alguna inquietud sobre alguna actividad que pueda ser de inter\u00e9s no dud\u00e9is en hac\u00e9rnoslo saber y estudiaremos las propuestas que se presenten.<br \/>\nTambi\u00e9n incluimos aquellas en las que participaremos aunque no las organicemos desde Euskadi como por ejemplo los campeonatos de f\u00fatbol 7 de Cambrils, Adeje, etc.<\/h4>\n<h2><\/h2>\n<table>\n<tbody>\n<tr>\n<td>\n<h3 style=\"text-align: center;\"><a href=\" \"><img decoding=\"async\" class=\" wp-image-1366 size-full aligncenter\" src=\" https:\/\/ipaeuskadi.org\/wordpress\/wp-content\/uploads\/2024\/01\/2024_cena-IPA-1.jpg\" alt=\"\" \/><\/a>Comida Anual IPA Euskadi (13\/12\/2026)<\/h3>\n<\/td>\n<td>\n<h3 style=\"text-align: center;\"><a href= \" \"><img decoding=\"async\" class=\" wp-image-1366 size-full aligncenter\" src=\"https:\/\/ipaeuskadi.org\/wordpress\/wp-content\/uploads\/2023\/12\/viaje_2.jpg \" alt=\"\" \/><\/a>Viaje IPA (Noviembre\/diciembre)<\/h3>\n<\/td>\n<\/tr>\n<tr>\n<td>\n<h3 style=\"text-align: center;\"><a href=\" \"><img decoding=\"async\" class=\" wp-image-1366 size-full aligncenter\" src=\"https:\/\/ipaeuskadi.org\/wordpress\/wp-content\/uploads\/2022\/06\/Asistencia-vista-oral.jpg\" alt=\"\" \/><\/a>Preparaci\u00f3n Asistencia Vista Oral (octubre 2026)<\/h3>\n<\/td>\n<td>\n<h3 style=\"text-align: center;\"><a href=\" \"><img decoding=\"async\" class=\" wp-image-1366 size-full aligncenter\" src=\"https:\/\/ipaeuskadi.org\/wordpress\/wp-content\/uploads\/2023\/01\/Futbol-para-policias.jpg \" alt=\"\" \/><\/a>Ier Campeonato de F\u00fatbol 7 IPA Euskadi (6\/11\/2026)<\/h3>\n<\/td>\n<\/tr>\n<tr>\n<td>\n<h3 style=\"text-align: center;\"><a href=\"https:\/\/ipaeuskadi.org\/wordpress\/wp-content\/uploads\/2025\/03\/20250906_Encuentro-de-coleccionismo_bilbao_2025.pdf\"><img decoding=\"async\" class=\" wp-image-1366 size-full aligncenter\" src=\"https:\/\/ipaeuskadi.org\/wordpress\/wp-content\/uploads\/2023\/12\/2024_coleccionismo.jpg\" alt=\"\" \/><\/a>X Encuentro Coleccionismo (05\/09\/2026)<\/h3>\n<\/td>\n<td>\n<h3 style=\"text-align: center;\"><a href=\" \"><img decoding=\"async\" class=\" wp-image-1366 size-full aligncenter\" src=\" \" alt=\"\" \/><\/a>VII\/ Jornada Literaria Escritores IPA (18\/09\/2026) &#8211; Bilbao<\/h3>\n<\/td>\n<\/tr>\n<tr>\n<td>\n<h3 style=\"text-align: center;\"><a href=\"  \"><img decoding=\"async\" class=\" wp-image-1366 size-full aligncenter\" src=\"https:\/\/ipaeuskadi.org\/wordpress\/wp-content\/uploads\/2024\/01\/2024_Campeonato-Cambrils.jpg\" alt=\"\" \/><\/a>XIX Torneo Internacional Policial , futbol 7 &#8211; Cambrils (mayo 2026)<\/h3>\n<\/td>\n<td>\n<h3 style=\"text-align: center;\"><a href=\"https:\/\/ipaeuskadi.org\/wordpress\/wp-content\/uploads\/2025\/03\/20250607_Dia-del-Socio_Euskadi-Navarra.pdf \"><img decoding=\"async\" class=\" wp-image-1366 size-full aligncenter\" src=\"https:\/\/ipaeuskadi.org\/wordpress\/wp-content\/uploads\/2023\/12\/El-Pobal.jpg\" alt=\"\" \/><\/a>D\u00eda del Socio (mayo 2026)<\/h3>\n<\/td>\n<\/tr>\n<tr>\n<td>\n<h3 style=\"text-align: center;\"><a href=\"https:\/\/ipaeuskadi.org\/wordpress\/wp-content\/uploads\/2025\/03\/202505_Visita-a-Bodega-Alavesa.pdf\"><img decoding=\"async\" class=\" wp-image-1366 size-full aligncenter\" src=\"https:\/\/ipaeuskadi.org\/wordpress\/wp-content\/uploads\/2023\/12\/imagen-bodega.jpg\" alt=\"\" \/><\/a>Visita Bodega (Abril 2026)<\/h3>\n<\/td>\n<td>\n<h3 style=\"text-align: center;\"><a href=\"https:\/\/ipaeuskadi.org\/wordpress\/wp-content\/uploads\/2025\/03\/2025_Bases-IX-concurso-fotografia_IPA-Euskadi.pdf \"><img decoding=\"async\" class=\" wp-image-1366 size-full aligncenter\" src=\"https:\/\/ipaeuskadi.org\/wordpress\/wp-content\/uploads\/2024\/01\/2024_concurso-fotografia_web.jpg\" alt=\"\" \/><\/a>X Concurso de Fotograf\u00eda (fin 5\/04\/2026)<\/h3>\n<\/td>\n<\/tr>\n<td>\n<h3 style=\"text-align: center;\"><a href=\" \"><img decoding=\"async\" class=\" wp-image-1366 size-full aligncenter\" src=\" \" alt=\"\" \/><\/a>Jornada T\u00e9cnico Policial (abril 2026)<\/h3>\n<\/td>\n<\/tr>\n<tr>\n<td>\n<h3 style=\"text-align: center;\"><a href=\"https:\/\/ipaeuskadi.org\/wordpress\/wp-content\/uploads\/2025\/03\/20250328_Jornada-drones_prevision.pdf\"><img decoding=\"async\" class=\" wp-image-1366 size-full aligncenter\" src=\"https:\/\/ipaeuskadi.org\/wordpress\/wp-content\/uploads\/2023\/12\/Dron.jpg\" alt=\"\" \/><\/a>Normativa Drones (03\/2026)<\/h3>\n<\/td>\n<td>\n<h3 style=\"text-align: center;\"><a href=\" \"><img decoding=\"async\" class=\" wp-image-1366 size-full aligncenter\" src=\" \" alt=\"\" \/><\/a>Torneo f\u00fatbol 7 &#8211; Polic\u00eda Foral Navarra (13\/02\/2026)<\/h3>\n<\/td>\n<\/tr>\n<\/tbody>\n<\/table>\n<p>Agrupaci\u00f3n Vitoria-Gasteiz<\/p>\n<table>\n<tbody>\n<tr>\n<td>\n<h3 style=\"text-align: center;\"><a href=\"   \"><img decoding=\"async\" class=\" wp-image-1366 size-full aligncenter\" src=\"https:\/\/ipaeuskadi.org\/wordpress\/wp-content\/uploads\/2022\/06\/cena.jpg\" alt=\"\" \/><\/a>Comida de Hermandad (07\/03\/2026)<\/h3>\n<\/td>\n<td>\n<h3 style=\"text-align: center;\"><a href=\"  \"><img decoding=\"async\" class=\" wp-image-1366 size-full aligncenter\" src=\" \" alt=\"\" \/><\/a>Salida monta\u00f1era al \u00abGorbea (Mayo 2026)<\/h3>\n<\/td>\n<\/tr>\n<tr>\n<td>\n<h3 style=\"text-align: center;\"><a href=\" \"><img decoding=\"async\" class=\" wp-image-1366 size-full aligncenter\" src=\"https:\/\/ipaeuskadi.org\/wordpress\/wp-content\/uploads\/2023\/12\/Imagen-charla-formativa-1.jpg\" alt=\"\" \/><\/a>Jornada Policial Formativa (sin determinar fecha)<\/h3>\n<\/td>\n<td>\n<h3 style=\"text-align: center;\"><a href=\"  \"><img decoding=\"async\" class=\" wp-image-1366 size-full aligncenter\" src=\" \" alt=\"\" \/><\/a>Visita Centro Memorial V\u00edctimas del Terorismo (determinar fecha)<\/h3>\n<\/td>\n<\/tr>\n<\/tbody>\n<\/table>\n<p style=\"text-align: justify;\"><a href=\"https:\/\/ipaeuskadi.org\/wordpress\/wp-content\/uploads\/2022\/05\/imagen-actividades.jpg\"><img decoding=\"async\" class=\" wp-image-1366 size-full aligncenter\" src=\"https:\/\/ipaeuskadi.org\/wordpress\/wp-content\/uploads\/2022\/05\/imagen-actividades.jpg\" alt=\"\" \/><\/a><\/p>\n<h3 style=\"text-align: center;\"><a href=\"https:\/\/ipaeuskadi.org\/wordpress\/actividades-ipa-euskadi\/\"><img decoding=\"async\" class=\" wp-image-1366 size-full aligncenter\" src=\"https:\/\/ipaeuskadi.org\/wordpress\/actividades-ipa-euskadi\/\" alt=\"Actividades Nacionales e Internacionales (programadas)\" \/><\/a><\/h3>\n<p>&nbsp;<\/p>\n<div style=\"width: 625px;\" class=\"wp-video\"><!--[if lt IE 9]><script>document.createElement('video');<\/script><![endif]-->\n<video class=\"wp-video-shortcode\" id=\"video-2-1\" width=\"625\" height=\"352\" preload=\"metadata\" controls=\"controls\"><source type=\"video\/mp4\" src=\"https:\/\/ipaeuskadi.org\/wordpress\/wp-content\/uploads\/2018\/01\/IPA-Video.mp4?_=1\" \/><a href=\"https:\/\/ipaeuskadi.org\/wordpress\/wp-content\/uploads\/2018\/01\/IPA-Video.mp4\">https:\/\/ipaeuskadi.org\/wordpress\/wp-content\/uploads\/2018\/01\/IPA-Video.mp4<\/a><\/video><\/div>\n<h3>Centro internacional de Formaci\u00f3n IPA<br \/>\nCastillo de Gimborn<\/h3>\n<h3 style=\"text-align: justify;\">T\u00edtulo: Fronteras en movimiento: Causas y gesti\u00f3n de la migraci\u00f3n irregular hacia Europa<br \/>\nEste seminario germano-espa\u00f1ol est\u00e1 dirigido a agentes de polic\u00eda involucrados en cuestiones relacionadas con la migraci\u00f3n, la seguridad fronteriza y la cooperaci\u00f3n internacional. Se centra en las causas y la din\u00e1mica actuales de la migraci\u00f3n irregular, as\u00ed como en la constante evoluci\u00f3n de las rutas migratorias hacia y dentro de Europa.<br \/>\nA partir de la evoluci\u00f3n actual, se examinar\u00e1n aspectos pol\u00edticos, sociales y de seguridad, desde los factores de expulsi\u00f3n y atracci\u00f3n y las estructuras de tr\u00e1fico il\u00edcito hasta los retos operativos en las fronteras exteriores de la UE. El intercambio bilateral entre expertos alemanes y espa\u00f1oles brindar\u00e1 perspectivas pr\u00e1cticas sobre estrategias, instrumentos y formas de cooperaci\u00f3n para gestionar y combatir eficazmente la migraci\u00f3n irregular.<br \/>\nLos participantes se beneficiar\u00e1n de presentaciones de expertos, informes operativos y an\u00e1lisis conjuntos que enriquecer\u00e1n tanto las operaciones diarias como los procesos de planificaci\u00f3n estrat\u00e9gica.<\/h3>\n<p>Seminario 26\/29 Alem\u00e1n \/ Castellano &#8211; Asistencia:\u00a0 min.: 15 \/ max.: 40<br \/>\nInicio 28\/09\/2026 a las 09:00 horas<br \/>\nFinal 02\/10\/2026 a las 13:15 horas<br \/>\nCelebraci\u00f3n del evento IBZ Schloss Gimborn, 51709 Marienheide<br \/>\nPrecio: Socios IPA 369,00 \u20ac<br \/>\nPrecio: No socios IPA 499,00 \u20ac<\/p>\n","protected":false},"excerpt":{"rendered":"<p>Actividades que tenemos previstas para el 2026 que esperamos poder celebrar. Como ya viene siendo habitual estamos preparando actividades de formaci\u00f3n, sociales, deportivas, etc. Esta no es una programaci\u00f3n cerrada, [&hellip;]<\/p>\n","protected":false},"author":1,"featured_media":0,"parent":0,"menu_order":0,"comment_status":"closed","ping_status":"closed","template":"","meta":{"footnotes":""},"class_list":["post-2","page","type-page","status-publish","hentry"],"_links":{"self":[{"href":"https:\/\/ipaeuskadi.org\/wordpress\/wp-json\/wp\/v2\/pages\/2","targetHints":{"allow":["GET"]}}],"collection":[{"href":"https:\/\/ipaeuskadi.org\/wordpress\/wp-json\/wp\/v2\/pages"}],"about":[{"href":"https:\/\/ipaeuskadi.org\/wordpress\/wp-json\/wp\/v2\/types\/page"}],"author":[{"embeddable":true,"href":"https:\/\/ipaeuskadi.org\/wordpress\/wp-json\/wp\/v2\/users\/1"}],"replies":[{"embeddable":true,"href":"https:\/\/ipaeuskadi.org\/wordpress\/wp-json\/wp\/v2\/comments?post=2"}],"version-history":[{"count":241,"href":"https:\/\/ipaeuskadi.org\/wordpress\/wp-json\/wp\/v2\/pages\/2\/revisions"}],"predecessor-version":[{"id":5861,"href":"https:\/\/ipaeuskadi.org\/wordpress\/wp-json\/wp\/v2\/pages\/2\/revisions\/5861"}],"wp:attachment":[{"href":"https:\/\/ipaeuskadi.org\/wordpress\/wp-json\/wp\/v2\/media?parent=2"}],"curies":[{"name":"wp","href":"https:\/\/api.w.org\/{rel}","templated":true}]}}