{"id":121,"date":"2014-07-10T17:40:26","date_gmt":"2014-07-10T17:40:26","guid":{"rendered":"http:\/\/ipaeuskadi.org\/wordpress\/?page_id=121"},"modified":"2025-08-19T09:11:24","modified_gmt":"2025-08-19T09:11:24","slug":"ipa-espana","status":"publish","type":"page","link":"https:\/\/ipaeuskadi.org\/wordpress\/ipa-espana\/","title":{"rendered":"IPA Espa\u00f1a"},"content":{"rendered":"<p style=\"text-align: justify;\">I.P.A. Espa\u00f1a\u00a0 supera\u00a0 actualmente\u00a0 los 13.000 socios,\u00a0 pertenecientes a los Cuerpos Policiales dependientes del Estado, de las Comunidades Aut\u00f3nomas y las Polic\u00edas Locales.<\/p>\n<p>ESTRUCTURA Y ORGANIZACI\u00d3N<\/p>\n<p style=\"text-align: justify;\">Espa\u00f1a est\u00e1 estructurada en Comunidades (una por cada Comunidad Auton\u00f3mica) y \u00e9stas a su vez pueden distribuirse en Agrupaciones regionales, comarcales o locales. Toda la organizaci\u00f3n, al igual que en el resto de los pa\u00edses, est\u00e1 coordinada por una Secci\u00f3n Nacional.<a href=\"https:\/\/ipaeuskadi.org\/wordpress\/wp-content\/uploads\/2022\/12\/banderas_1.jpg\"><img loading=\"lazy\" decoding=\"async\" class=\"aligncenter wp-image-123 \" src=\"https:\/\/ipaeuskadi.org\/wordpress\/wp-content\/uploads\/2022\/12\/banderas_1.jpg\" alt=\"banderas\" width=\"402\" height=\"152\" \/><\/a><\/p>\n<p style=\"text-align: justify;\">Para poder consultar informaci\u00f3n o poder contactar, tanto con la secci\u00f3n nacional como con las diferentes comunidades, la obtendremos pulsando los enlaces que se indican a continuaci\u00f3n:<\/p>\n<ul>\n<li><a href=\"https:\/\/ipa-spain.org\">Secci\u00f3n Nacional<\/a><\/li>\n<li><a href=\"https:\/\/ipaandalucia.org\">Andaluc\u00eda<\/a><\/li>\n<li><a href=\"https:\/\/www.ipaaragon.org\/\">Arag\u00f3n<\/a><\/li>\n<li><a href=\"http:\/\/www.ipaasturias.org\">Asturias<\/a><\/li>\n<li><a href=\"https:\/\/www.ipabaleares.org\">Baleares<\/a><\/li>\n<li><a href=\"https:\/\/canarias.ipa-spain.org\/\">Canarias<\/a><\/li>\n<li><a href=\"http:\/\/www.ipacantabria.org\">Cantabria<\/a><\/li>\n<li><a href=\"http:\/\/www.ipacastillaleon.org\">Castilla y Le\u00f3n<\/a><\/li>\n<li><a href=\"https:\/\/www.ipacatalunya.org\">Catalu\u00f1a<\/a><\/li>\n<li><a href=\"https:\/\/www.ipacvalenciana.org\">Comunidad Valenciana<\/a><\/li>\n<li><a href=\"https:\/\/ipaextremadura.org\/\">Extremadura<\/li>\n<li><a href=\"https:\/\/galicia.ipa-spain.org\/es\/\">Galicia<\/a><\/li>\n<li><a href=\"http:\/www.iparioja.org\">La Rioja<\/a><\/li>\n<li><a href=\"https:\/\/www.ipamadrid.es\">Madrid<\/a><\/li>\n<li><a href=\"https:\/\/navarra.ipa-spain.org\/\">Navarra<\/a><\/li>\n<li><a href=\"https:\/\/ipamurcia.es\/\">Murcia<\/a><\/li>\n<li><a href=\"https:\/\/ipaclm.es\/\">Castilla La Mancha<\/a><\/li>\n<\/ul>\n","protected":false},"excerpt":{"rendered":"<p>I.P.A. Espa\u00f1a\u00a0 supera\u00a0 actualmente\u00a0 los 13.000 socios,\u00a0 pertenecientes a los Cuerpos Policiales dependientes del Estado, de las Comunidades Aut\u00f3nomas y las Polic\u00edas Locales. ESTRUCTURA Y ORGANIZACI\u00d3N Espa\u00f1a est\u00e1 estructurada en [&hellip;]<\/p>\n","protected":false},"author":1,"featured_media":0,"parent":0,"menu_order":0,"comment_status":"closed","ping_status":"closed","template":"","meta":{"footnotes":""},"class_list":["post-121","page","type-page","status-publish","hentry"],"_links":{"self":[{"href":"https:\/\/ipaeuskadi.org\/wordpress\/wp-json\/wp\/v2\/pages\/121","targetHints":{"allow":["GET"]}}],"collection":[{"href":"https:\/\/ipaeuskadi.org\/wordpress\/wp-json\/wp\/v2\/pages"}],"about":[{"href":"https:\/\/ipaeuskadi.org\/wordpress\/wp-json\/wp\/v2\/types\/page"}],"author":[{"embeddable":true,"href":"https:\/\/ipaeuskadi.org\/wordpress\/wp-json\/wp\/v2\/users\/1"}],"replies":[{"embeddable":true,"href":"https:\/\/ipaeuskadi.org\/wordpress\/wp-json\/wp\/v2\/comments?post=121"}],"version-history":[{"count":24,"href":"https:\/\/ipaeuskadi.org\/wordpress\/wp-json\/wp\/v2\/pages\/121\/revisions"}],"predecessor-version":[{"id":5766,"href":"https:\/\/ipaeuskadi.org\/wordpress\/wp-json\/wp\/v2\/pages\/121\/revisions\/5766"}],"wp:attachment":[{"href":"https:\/\/ipaeuskadi.org\/wordpress\/wp-json\/wp\/v2\/media?parent=121"}],"curies":[{"name":"wp","href":"https:\/\/api.w.org\/{rel}","templated":true}]}}